{"id":169,"date":"2026-03-12T14:31:33","date_gmt":"2026-03-12T14:31:33","guid":{"rendered":"https:\/\/lesisargentina.org.ar\/observatorio\/?page_id=169"},"modified":"2026-04-14T14:42:21","modified_gmt":"2026-04-14T14:42:21","slug":"nuestro-equipo","status":"publish","type":"page","link":"https:\/\/lesisargentina.org.ar\/observatorio\/nuestro-equipo\/","title":{"rendered":"Equipo"},"content":{"rendered":"\t\t<div data-elementor-type=\"wp-page\" data-elementor-id=\"169\" class=\"elementor elementor-169\">\n\t\t\t\t<div class=\"elementor-element elementor-element-3ef095f e-flex e-con-boxed elementor-invisible e-con e-parent\" data-id=\"3ef095f\" data-element_type=\"container\" data-e-type=\"container\" data-settings=\"{&quot;background_background&quot;:&quot;classic&quot;,&quot;animation&quot;:&quot;fadeIn&quot;}\">\n\t\t\t\t\t<div class=\"e-con-inner\">\n\t\t\t\t<div class=\"elementor-element elementor-element-f46596d elementor-widget elementor-widget-heading\" data-id=\"f46596d\" data-element_type=\"widget\" data-e-type=\"widget\" data-widget_type=\"heading.default\">\n\t\t\t\t<div class=\"elementor-widget-container\">\n\t\t\t\t\t<h1 class=\"elementor-heading-title elementor-size-default\">Equipo del Observatorio Jur\u00eddico<\/h1>\t\t\t\t<\/div>\n\t\t\t\t<\/div>\n\t\t\t\t<div class=\"elementor-element elementor-element-5cdb087 elementor-widget elementor-widget-heading\" data-id=\"5cdb087\" data-element_type=\"widget\" data-e-type=\"widget\" data-widget_type=\"heading.default\">\n\t\t\t\t<div class=\"elementor-widget-container\">\n\t\t\t\t\t<h2 class=\"elementor-heading-title elementor-size-default\">El Observatorio Jur\u00eddico de LESIS Argentina se apoya en un equipo interdisciplinario de profesionales comprometidos con la defensa de los derechos humanos y la mejora del sistema de ejecuci\u00f3n penal.<\/h2>\t\t\t\t<\/div>\n\t\t\t\t<\/div>\n\t\t\t\t\t<\/div>\n\t\t\t\t<\/div>\n\t\t<div class=\"elementor-element elementor-element-c37ee4b e-con-full e-flex e-con e-parent\" data-id=\"c37ee4b\" data-element_type=\"container\" data-e-type=\"container\" data-settings=\"{&quot;background_background&quot;:&quot;classic&quot;}\">\n\t\t<div class=\"elementor-element elementor-element-995b0e8 e-con-full e-flex e-con e-child\" data-id=\"995b0e8\" data-element_type=\"container\" data-e-type=\"container\">\n\t\t\t\t<div class=\"elementor-element elementor-element-1912882 elementor-widget elementor-widget-image\" data-id=\"1912882\" data-element_type=\"widget\" data-e-type=\"widget\" data-widget_type=\"image.default\">\n\t\t\t\t<div class=\"elementor-widget-container\">\n\t\t\t\t\t\t\t\t\t\t\t\t\t\t\t<img fetchpriority=\"high\" decoding=\"async\" width=\"717\" height=\"713\" src=\"https:\/\/lesisargentina.org.ar\/observatorio\/wp-content\/uploads\/2026\/04\/Claudio-Villafane.jpeg\" class=\"attachment-medium_large size-medium_large wp-image-799\" alt=\"\" srcset=\"https:\/\/lesisargentina.org.ar\/observatorio\/wp-content\/uploads\/2026\/04\/Claudio-Villafane.jpeg 717w, https:\/\/lesisargentina.org.ar\/observatorio\/wp-content\/uploads\/2026\/04\/Claudio-Villafane-300x298.jpeg 300w, https:\/\/lesisargentina.org.ar\/observatorio\/wp-content\/uploads\/2026\/04\/Claudio-Villafane-150x150.jpeg 150w\" sizes=\"(max-width: 717px) 100vw, 717px\" \/>\t\t\t\t\t\t\t\t\t\t\t\t\t\t\t<\/div>\n\t\t\t\t<\/div>\n\t\t\t\t<\/div>\n\t\t<div class=\"elementor-element elementor-element-797c3cb e-con-full e-flex e-con e-child\" data-id=\"797c3cb\" data-element_type=\"container\" data-e-type=\"container\" id=\"claudio-tarjeta\">\n\t\t\t\t<div class=\"elementor-element elementor-element-d7b4246 elementor-widget elementor-widget-heading\" data-id=\"d7b4246\" data-element_type=\"widget\" data-e-type=\"widget\" data-widget_type=\"heading.default\">\n\t\t\t\t<div class=\"elementor-widget-container\">\n\t\t\t\t\t<h2 class=\"elementor-heading-title elementor-size-default\">Claudio Villafa\u00f1e<\/h2>\t\t\t\t<\/div>\n\t\t\t\t<\/div>\n\t\t\t\t<div class=\"elementor-element elementor-element-4da196f elementor-widget elementor-widget-heading\" data-id=\"4da196f\" data-element_type=\"widget\" data-e-type=\"widget\" data-widget_type=\"heading.default\">\n\t\t\t\t<div class=\"elementor-widget-container\">\n\t\t\t\t\t<h3 class=\"elementor-heading-title elementor-size-default\">T\u00e9cnico Universitario en Ciencias Jur\u00eddicas<\/h3>\t\t\t\t<\/div>\n\t\t\t\t<\/div>\n\t\t\t\t<div class=\"elementor-element elementor-element-8d4ada9 elementor-widget elementor-widget-text-editor\" data-id=\"8d4ada9\" data-element_type=\"widget\" data-e-type=\"widget\" data-widget_type=\"text-editor.default\">\n\t\t\t\t<div class=\"elementor-widget-container\">\n\t\t\t\t\t\t\t\t\t<p><em>Universidad Nacional de Avellaneda (UNDAV)<\/em><\/p>\t\t\t\t\t\t\t\t<\/div>\n\t\t\t\t<\/div>\n\t\t\t\t<div class=\"elementor-element elementor-element-152d341 elementor-widget elementor-widget-text-editor\" data-id=\"152d341\" data-element_type=\"widget\" data-e-type=\"widget\" data-widget_type=\"text-editor.default\">\n\t\t\t\t<div class=\"elementor-widget-container\">\n\t\t\t\t\t\t\t\t\t<p><em>Especialista en ejecuci\u00f3n penal y derechos humanos. Integra el equipo de an\u00e1lisis jur\u00eddico del Observatorio.<\/em><\/p>\t\t\t\t\t\t\t\t<\/div>\n\t\t\t\t<\/div>\n\t\t\t\t<\/div>\n\t\t\t\t<\/div>\n\t\t\t\t<\/div>\n\t\t","protected":false},"excerpt":{"rendered":"<p>Equipo del Observatorio Jur\u00eddico El Observatorio Jur\u00eddico de LESIS Argentina se apoya en un equipo interdisciplinario de profesionales comprometidos con [&hellip;]<\/p>\n","protected":false},"author":2,"featured_media":0,"parent":0,"menu_order":0,"comment_status":"closed","ping_status":"closed","template":"","meta":{"site-sidebar-layout":"no-sidebar","site-content-layout":"","ast-site-content-layout":"full-width-container","site-content-style":"default","site-sidebar-style":"default","ast-global-header-display":"","ast-banner-title-visibility":"","ast-main-header-display":"","ast-hfb-above-header-display":"","ast-hfb-below-header-display":"","ast-hfb-mobile-header-display":"","site-post-title":"disabled","ast-breadcrumbs-content":"","ast-featured-img":"disabled","footer-sml-layout":"","ast-disable-related-posts":"","theme-transparent-header-meta":"","adv-header-id-meta":"","stick-header-meta":"","header-above-stick-meta":"","header-main-stick-meta":"","header-below-stick-meta":"","astra-migrate-meta-layouts":"default","ast-page-background-enabled":"default","ast-page-background-meta":{"desktop":{"background-color":"var(--ast-global-color-5)","background-image":"","background-repeat":"repeat","background-position":"center center","background-size":"auto","background-attachment":"scroll","background-type":"","background-media":"","overlay-type":"","overlay-color":"","overlay-opacity":"","overlay-gradient":""},"tablet":{"background-color":"","background-image":"","background-repeat":"repeat","background-position":"center center","background-size":"auto","background-attachment":"scroll","background-type":"","background-media":"","overlay-type":"","overlay-color":"","overlay-opacity":"","overlay-gradient":""},"mobile":{"background-color":"","background-image":"","background-repeat":"repeat","background-position":"center center","background-size":"auto","background-attachment":"scroll","background-type":"","background-media":"","overlay-type":"","overlay-color":"","overlay-opacity":"","overlay-gradient":""}},"ast-content-background-meta":{"desktop":{"background-color":"var(--ast-global-color-4)","background-image":"","background-repeat":"repeat","background-position":"center center","background-size":"auto","background-attachment":"scroll","background-type":"","background-media":"","overlay-type":"","overlay-color":"","overlay-opacity":"","overlay-gradient":""},"tablet":{"background-color":"var(--ast-global-color-4)","background-image":"","background-repeat":"repeat","background-position":"center center","background-size":"auto","background-attachment":"scroll","background-type":"","background-media":"","overlay-type":"","overlay-color":"","overlay-opacity":"","overlay-gradient":""},"mobile":{"background-color":"var(--ast-global-color-4)","background-image":"","background-repeat":"repeat","background-position":"center center","background-size":"auto","background-attachment":"scroll","background-type":"","background-media":"","overlay-type":"","overlay-color":"","overlay-opacity":"","overlay-gradient":""}},"footnotes":""},"class_list":["post-169","page","type-page","status-publish","hentry"],"yoast_head":"<!-- This site is optimized with the Yoast SEO plugin v27.4 - https:\/\/yoast.com\/product\/yoast-seo-wordpress\/ -->\n<title>Equipo de Observatorio Jur\u00eddico Lesis Argentina<\/title>\n<meta name=\"description\" content=\"Conoc\u00e9 al equipo interdisciplinario del Observatorio Jur\u00eddico: abogados, psic\u00f3logos, trabajadores sociales y m\u00e1s.\" \/>\n<meta name=\"robots\" content=\"index, follow, max-snippet:-1, max-image-preview:large, max-video-preview:-1\" \/>\n<link rel=\"canonical\" href=\"https:\/\/lesisargentina.org.ar\/observatorio\/nuestro-equipo\/\" \/>\n<meta property=\"og:locale\" content=\"es_ES\" \/>\n<meta property=\"og:type\" content=\"article\" \/>\n<meta property=\"og:title\" content=\"Equipo de Observatorio Jur\u00eddico Lesis Argentina\" \/>\n<meta property=\"og:description\" content=\"Conoc\u00e9 al equipo interdisciplinario del Observatorio Jur\u00eddico: abogados, psic\u00f3logos, trabajadores sociales y m\u00e1s.\" \/>\n<meta property=\"og:url\" content=\"https:\/\/lesisargentina.org.ar\/observatorio\/nuestro-equipo\/\" \/>\n<meta property=\"og:site_name\" content=\"Observatorio jur\u00eddico Lesis Argentina\" \/>\n<meta property=\"article:modified_time\" content=\"2026-04-14T14:42:21+00:00\" \/>\n<meta property=\"og:image\" content=\"https:\/\/lesisargentina.org.ar\/observatorio\/wp-content\/uploads\/2026\/04\/Claudio-Villafane.jpeg\" \/>\n\t<meta property=\"og:image:width\" content=\"717\" \/>\n\t<meta property=\"og:image:height\" content=\"713\" \/>\n\t<meta property=\"og:image:type\" content=\"image\/jpeg\" \/>\n<meta name=\"twitter:card\" content=\"summary_large_image\" \/>\n<meta name=\"twitter:label1\" content=\"Tiempo de lectura\" \/>\n\t<meta name=\"twitter:data1\" content=\"1 minuto\" \/>\n<script type=\"application\/ld+json\" class=\"yoast-schema-graph\">{\"@context\":\"https:\\\/\\\/schema.org\",\"@graph\":[{\"@type\":\"WebPage\",\"@id\":\"https:\\\/\\\/lesisargentina.org.ar\\\/observatorio\\\/nuestro-equipo\\\/\",\"url\":\"https:\\\/\\\/lesisargentina.org.ar\\\/observatorio\\\/nuestro-equipo\\\/\",\"name\":\"Equipo de Observatorio Jur\u00eddico Lesis Argentina\",\"isPartOf\":{\"@id\":\"https:\\\/\\\/lesisargentina.org.ar\\\/observatorio\\\/#website\"},\"primaryImageOfPage\":{\"@id\":\"https:\\\/\\\/lesisargentina.org.ar\\\/observatorio\\\/nuestro-equipo\\\/#primaryimage\"},\"image\":{\"@id\":\"https:\\\/\\\/lesisargentina.org.ar\\\/observatorio\\\/nuestro-equipo\\\/#primaryimage\"},\"thumbnailUrl\":\"https:\\\/\\\/lesisargentina.org.ar\\\/observatorio\\\/wp-content\\\/uploads\\\/2026\\\/04\\\/Claudio-Villafane.jpeg\",\"datePublished\":\"2026-03-12T14:31:33+00:00\",\"dateModified\":\"2026-04-14T14:42:21+00:00\",\"description\":\"Conoc\u00e9 al equipo interdisciplinario del Observatorio Jur\u00eddico: abogados, psic\u00f3logos, trabajadores sociales y m\u00e1s.\",\"breadcrumb\":{\"@id\":\"https:\\\/\\\/lesisargentina.org.ar\\\/observatorio\\\/nuestro-equipo\\\/#breadcrumb\"},\"inLanguage\":\"es\",\"potentialAction\":[{\"@type\":\"ReadAction\",\"target\":[\"https:\\\/\\\/lesisargentina.org.ar\\\/observatorio\\\/nuestro-equipo\\\/\"]}]},{\"@type\":\"ImageObject\",\"inLanguage\":\"es\",\"@id\":\"https:\\\/\\\/lesisargentina.org.ar\\\/observatorio\\\/nuestro-equipo\\\/#primaryimage\",\"url\":\"https:\\\/\\\/lesisargentina.org.ar\\\/observatorio\\\/wp-content\\\/uploads\\\/2026\\\/04\\\/Claudio-Villafane.jpeg\",\"contentUrl\":\"https:\\\/\\\/lesisargentina.org.ar\\\/observatorio\\\/wp-content\\\/uploads\\\/2026\\\/04\\\/Claudio-Villafane.jpeg\",\"width\":717,\"height\":713},{\"@type\":\"BreadcrumbList\",\"@id\":\"https:\\\/\\\/lesisargentina.org.ar\\\/observatorio\\\/nuestro-equipo\\\/#breadcrumb\",\"itemListElement\":[{\"@type\":\"ListItem\",\"position\":1,\"name\":\"Portada\",\"item\":\"https:\\\/\\\/lesisargentina.org.ar\\\/observatorio\\\/\"},{\"@type\":\"ListItem\",\"position\":2,\"name\":\"Equipo\"}]},{\"@type\":\"WebSite\",\"@id\":\"https:\\\/\\\/lesisargentina.org.ar\\\/observatorio\\\/#website\",\"url\":\"https:\\\/\\\/lesisargentina.org.ar\\\/observatorio\\\/\",\"name\":\"Observatorio jur\u00eddico Lesis Argentina\",\"description\":\"\",\"publisher\":{\"@id\":\"https:\\\/\\\/lesisargentina.org.ar\\\/observatorio\\\/#organization\"},\"potentialAction\":[{\"@type\":\"SearchAction\",\"target\":{\"@type\":\"EntryPoint\",\"urlTemplate\":\"https:\\\/\\\/lesisargentina.org.ar\\\/observatorio\\\/?s={search_term_string}\"},\"query-input\":{\"@type\":\"PropertyValueSpecification\",\"valueRequired\":true,\"valueName\":\"search_term_string\"}}],\"inLanguage\":\"es\"},{\"@type\":\"Organization\",\"@id\":\"https:\\\/\\\/lesisargentina.org.ar\\\/observatorio\\\/#organization\",\"name\":\"Observatorio jur\u00eddico Lesis Argentina\",\"url\":\"https:\\\/\\\/lesisargentina.org.ar\\\/observatorio\\\/\",\"logo\":{\"@type\":\"ImageObject\",\"inLanguage\":\"es\",\"@id\":\"https:\\\/\\\/lesisargentina.org.ar\\\/observatorio\\\/#\\\/schema\\\/logo\\\/image\\\/\",\"url\":\"https:\\\/\\\/lesisargentina.org.ar\\\/observatorio\\\/wp-content\\\/uploads\\\/2026\\\/03\\\/cropped-logo-observatorio.png\",\"contentUrl\":\"https:\\\/\\\/lesisargentina.org.ar\\\/observatorio\\\/wp-content\\\/uploads\\\/2026\\\/03\\\/cropped-logo-observatorio.png\",\"width\":897,\"height\":895,\"caption\":\"Observatorio jur\u00eddico Lesis Argentina\"},\"image\":{\"@id\":\"https:\\\/\\\/lesisargentina.org.ar\\\/observatorio\\\/#\\\/schema\\\/logo\\\/image\\\/\"}}]}<\/script>\n<!-- \/ Yoast SEO plugin. -->","yoast_head_json":{"title":"Equipo de Observatorio Jur\u00eddico Lesis Argentina","description":"Conoc\u00e9 al equipo interdisciplinario del Observatorio Jur\u00eddico: abogados, psic\u00f3logos, trabajadores sociales y m\u00e1s.","robots":{"index":"index","follow":"follow","max-snippet":"max-snippet:-1","max-image-preview":"max-image-preview:large","max-video-preview":"max-video-preview:-1"},"canonical":"https:\/\/lesisargentina.org.ar\/observatorio\/nuestro-equipo\/","og_locale":"es_ES","og_type":"article","og_title":"Equipo de Observatorio Jur\u00eddico Lesis Argentina","og_description":"Conoc\u00e9 al equipo interdisciplinario del Observatorio Jur\u00eddico: abogados, psic\u00f3logos, trabajadores sociales y m\u00e1s.","og_url":"https:\/\/lesisargentina.org.ar\/observatorio\/nuestro-equipo\/","og_site_name":"Observatorio jur\u00eddico Lesis Argentina","article_modified_time":"2026-04-14T14:42:21+00:00","og_image":[{"width":717,"height":713,"url":"https:\/\/lesisargentina.org.ar\/observatorio\/wp-content\/uploads\/2026\/04\/Claudio-Villafane.jpeg","type":"image\/jpeg"}],"twitter_card":"summary_large_image","twitter_misc":{"Tiempo de lectura":"1 minuto"},"schema":{"@context":"https:\/\/schema.org","@graph":[{"@type":"WebPage","@id":"https:\/\/lesisargentina.org.ar\/observatorio\/nuestro-equipo\/","url":"https:\/\/lesisargentina.org.ar\/observatorio\/nuestro-equipo\/","name":"Equipo de Observatorio Jur\u00eddico Lesis Argentina","isPartOf":{"@id":"https:\/\/lesisargentina.org.ar\/observatorio\/#website"},"primaryImageOfPage":{"@id":"https:\/\/lesisargentina.org.ar\/observatorio\/nuestro-equipo\/#primaryimage"},"image":{"@id":"https:\/\/lesisargentina.org.ar\/observatorio\/nuestro-equipo\/#primaryimage"},"thumbnailUrl":"https:\/\/lesisargentina.org.ar\/observatorio\/wp-content\/uploads\/2026\/04\/Claudio-Villafane.jpeg","datePublished":"2026-03-12T14:31:33+00:00","dateModified":"2026-04-14T14:42:21+00:00","description":"Conoc\u00e9 al equipo interdisciplinario del Observatorio Jur\u00eddico: abogados, psic\u00f3logos, trabajadores sociales y m\u00e1s.","breadcrumb":{"@id":"https:\/\/lesisargentina.org.ar\/observatorio\/nuestro-equipo\/#breadcrumb"},"inLanguage":"es","potentialAction":[{"@type":"ReadAction","target":["https:\/\/lesisargentina.org.ar\/observatorio\/nuestro-equipo\/"]}]},{"@type":"ImageObject","inLanguage":"es","@id":"https:\/\/lesisargentina.org.ar\/observatorio\/nuestro-equipo\/#primaryimage","url":"https:\/\/lesisargentina.org.ar\/observatorio\/wp-content\/uploads\/2026\/04\/Claudio-Villafane.jpeg","contentUrl":"https:\/\/lesisargentina.org.ar\/observatorio\/wp-content\/uploads\/2026\/04\/Claudio-Villafane.jpeg","width":717,"height":713},{"@type":"BreadcrumbList","@id":"https:\/\/lesisargentina.org.ar\/observatorio\/nuestro-equipo\/#breadcrumb","itemListElement":[{"@type":"ListItem","position":1,"name":"Portada","item":"https:\/\/lesisargentina.org.ar\/observatorio\/"},{"@type":"ListItem","position":2,"name":"Equipo"}]},{"@type":"WebSite","@id":"https:\/\/lesisargentina.org.ar\/observatorio\/#website","url":"https:\/\/lesisargentina.org.ar\/observatorio\/","name":"Observatorio jur\u00eddico Lesis Argentina","description":"","publisher":{"@id":"https:\/\/lesisargentina.org.ar\/observatorio\/#organization"},"potentialAction":[{"@type":"SearchAction","target":{"@type":"EntryPoint","urlTemplate":"https:\/\/lesisargentina.org.ar\/observatorio\/?s={search_term_string}"},"query-input":{"@type":"PropertyValueSpecification","valueRequired":true,"valueName":"search_term_string"}}],"inLanguage":"es"},{"@type":"Organization","@id":"https:\/\/lesisargentina.org.ar\/observatorio\/#organization","name":"Observatorio jur\u00eddico Lesis Argentina","url":"https:\/\/lesisargentina.org.ar\/observatorio\/","logo":{"@type":"ImageObject","inLanguage":"es","@id":"https:\/\/lesisargentina.org.ar\/observatorio\/#\/schema\/logo\/image\/","url":"https:\/\/lesisargentina.org.ar\/observatorio\/wp-content\/uploads\/2026\/03\/cropped-logo-observatorio.png","contentUrl":"https:\/\/lesisargentina.org.ar\/observatorio\/wp-content\/uploads\/2026\/03\/cropped-logo-observatorio.png","width":897,"height":895,"caption":"Observatorio jur\u00eddico Lesis Argentina"},"image":{"@id":"https:\/\/lesisargentina.org.ar\/observatorio\/#\/schema\/logo\/image\/"}}]}},"_links":{"self":[{"href":"https:\/\/lesisargentina.org.ar\/observatorio\/wp-json\/wp\/v2\/pages\/169","targetHints":{"allow":["GET"]}}],"collection":[{"href":"https:\/\/lesisargentina.org.ar\/observatorio\/wp-json\/wp\/v2\/pages"}],"about":[{"href":"https:\/\/lesisargentina.org.ar\/observatorio\/wp-json\/wp\/v2\/types\/page"}],"author":[{"embeddable":true,"href":"https:\/\/lesisargentina.org.ar\/observatorio\/wp-json\/wp\/v2\/users\/2"}],"replies":[{"embeddable":true,"href":"https:\/\/lesisargentina.org.ar\/observatorio\/wp-json\/wp\/v2\/comments?post=169"}],"version-history":[{"count":23,"href":"https:\/\/lesisargentina.org.ar\/observatorio\/wp-json\/wp\/v2\/pages\/169\/revisions"}],"predecessor-version":[{"id":808,"href":"https:\/\/lesisargentina.org.ar\/observatorio\/wp-json\/wp\/v2\/pages\/169\/revisions\/808"}],"wp:attachment":[{"href":"https:\/\/lesisargentina.org.ar\/observatorio\/wp-json\/wp\/v2\/media?parent=169"}],"curies":[{"name":"wp","href":"https:\/\/api.w.org\/{rel}","templated":true}]}}