{"id":172,"date":"2026-03-12T14:32:22","date_gmt":"2026-03-12T14:32:22","guid":{"rendered":"https:\/\/lesisargentina.org.ar\/observatorio\/?page_id=172"},"modified":"2026-04-01T16:25:22","modified_gmt":"2026-04-01T16:25:22","slug":"contacto","status":"publish","type":"page","link":"https:\/\/lesisargentina.org.ar\/observatorio\/contacto\/","title":{"rendered":"Contacto"},"content":{"rendered":"\t\t<div data-elementor-type=\"wp-page\" data-elementor-id=\"172\" class=\"elementor elementor-172\">\n\t\t\t\t<div class=\"elementor-element elementor-element-d49846c e-flex e-con-boxed e-con e-parent\" data-id=\"d49846c\" data-element_type=\"container\" data-e-type=\"container\">\n\t\t\t\t\t<div class=\"e-con-inner\">\n\t\t<div class=\"elementor-element elementor-element-57ece06 e-con-full e-flex e-con e-child\" data-id=\"57ece06\" data-element_type=\"container\" data-e-type=\"container\">\n\t\t\t\t<div class=\"elementor-element elementor-element-d5fcd0a elementor-widget elementor-widget-heading\" data-id=\"d5fcd0a\" data-element_type=\"widget\" data-e-type=\"widget\" data-widget_type=\"heading.default\">\n\t\t\t\t<div class=\"elementor-widget-container\">\n\t\t\t\t\t<h2 class=\"elementor-heading-title elementor-size-default\">Escribinos<\/h2>\t\t\t\t<\/div>\n\t\t\t\t<\/div>\n\t\t\t\t<div class=\"elementor-element elementor-element-527105d eael_liquid_glass_shadow-effect2 eael_liquid_glass-effect1 elementor-invisible elementor-widget elementor-widget-wpforms\" data-id=\"527105d\" data-element_type=\"widget\" data-e-type=\"widget\" data-settings=\"{&quot;_animation&quot;:&quot;fadeInLeft&quot;}\" data-widget_type=\"wpforms.default\">\n\t\t\t\t<div class=\"elementor-widget-container\">\n\t\t\t\t\t<style id=\"wpforms-css-vars-elementor-widget-527105d\">\n\t\t\t\t.elementor-widget-wpforms.elementor-element-527105d {\n\t\t\t\t--wpforms-field-border-radius: 7px;\n--wpforms-button-border-size: 8px;\n--wpforms-button-border-radius: 12px;\n\t\t\t}\n\t\t\t<\/style><div class=\"wpforms-container wpforms-container-full wpforms-render-modern\" id=\"wpforms-417\"><form id=\"wpforms-form-417\" class=\"wpforms-validate wpforms-form wpforms-ajax-form\" data-formid=\"417\" method=\"post\" enctype=\"multipart\/form-data\" action=\"\/observatorio\/wp-json\/wp\/v2\/pages\/172\" data-token=\"2050d9ad20d8eeaf7fc18c66f1421f18\" data-token-time=\"1776409955\"><noscript class=\"wpforms-error-noscript\">Por favor, activa JavaScript en tu navegador para completar este formulario.<\/noscript><div id=\"wpforms-error-noscript\" style=\"display: none;\">Por favor, activa JavaScript en tu navegador para completar este formulario.<\/div><div class=\"wpforms-field-container\">\t\t<div id=\"wpforms-417-field_4-container\"\n\t\t\tclass=\"wpforms-field wpforms-field-text\"\n\t\t\tdata-field-type=\"text\"\n\t\t\tdata-field-id=\"4\"\n\t\t\t>\n\t\t\t<label class=\"wpforms-field-label\" for=\"wpforms-417-field_4\" >Correo electr\u00f3nico Nombre<\/label>\n\t\t\t<input type=\"text\" id=\"wpforms-417-field_4\" class=\"wpforms-field-medium\" name=\"wpforms[fields][4]\" >\n\t\t<\/div>\n\t\t<div id=\"wpforms-417-field_1-container\" class=\"wpforms-field wpforms-field-name\" data-field-id=\"1\"><fieldset><legend class=\"wpforms-field-label\">Nombre <span class=\"wpforms-required-label\" aria-hidden=\"true\">*<\/span><\/legend><div class=\"wpforms-field-row wpforms-field-medium\"><div class=\"wpforms-field-row-block wpforms-first wpforms-one-half\"><input type=\"text\" id=\"wpforms-417-field_1\" class=\"wpforms-field-name-first wpforms-field-required\" name=\"wpforms[fields][1][first]\" aria-errormessage=\"wpforms-417-field_1-error\" required><label for=\"wpforms-417-field_1\" class=\"wpforms-field-sublabel after\">Nombre<\/label><\/div><div class=\"wpforms-field-row-block wpforms-one-half\"><input type=\"text\" id=\"wpforms-417-field_1-last\" class=\"wpforms-field-name-last wpforms-field-required\" name=\"wpforms[fields][1][last]\" aria-errormessage=\"wpforms-417-field_1-last-error\" required><label for=\"wpforms-417-field_1-last\" class=\"wpforms-field-sublabel after\">Apellidos<\/label><\/div><\/div><\/fieldset><\/div><div id=\"wpforms-417-field_2-container\" class=\"wpforms-field wpforms-field-email\" data-field-id=\"2\"><label class=\"wpforms-field-label\" for=\"wpforms-417-field_2\">Correo electr\u00f3nico <span class=\"wpforms-required-label\" aria-hidden=\"true\">*<\/span><\/label><input type=\"email\" id=\"wpforms-417-field_2\" class=\"wpforms-field-medium wpforms-field-required\" name=\"wpforms[fields][2]\" spellcheck=\"false\" aria-errormessage=\"wpforms-417-field_2-error\" required><\/div><div id=\"wpforms-417-field_3-container\" class=\"wpforms-field wpforms-field-textarea\" data-field-id=\"3\"><label class=\"wpforms-field-label\" for=\"wpforms-417-field_3\">Comentario o mensaje<\/label><textarea id=\"wpforms-417-field_3\" class=\"wpforms-field-medium\" name=\"wpforms[fields][3]\" aria-errormessage=\"wpforms-417-field_3-error\" ><\/textarea><\/div><script>\n\t\t\t\t( function() {\n\t\t\t\t\tconst style = document.createElement( 'style' );\n\t\t\t\t\tstyle.appendChild( document.createTextNode( '#wpforms-417-field_4-container { position: absolute !important; overflow: hidden !important; display: inline !important; height: 1px !important; width: 1px !important; z-index: -1000 !important; padding: 0 !important; } #wpforms-417-field_4-container input { visibility: hidden; } #wpforms-conversational-form-page #wpforms-417-field_4-container label { counter-increment: none; }' ) );\n\t\t\t\t\tdocument.head.appendChild( style );\n\t\t\t\t\tdocument.currentScript?.remove();\n\t\t\t\t} )();\n\t\t\t<\/script><\/div><!-- .wpforms-field-container --><div class=\"wpforms-submit-container\" ><input type=\"hidden\" name=\"wpforms[id]\" value=\"417\"><input type=\"hidden\" name=\"page_title\" value=\"\"><input type=\"hidden\" name=\"page_url\" value=\"https:\/\/lesisargentina.org.ar\/observatorio\/wp-json\/wp\/v2\/pages\/172\"><input type=\"hidden\" name=\"url_referer\" value=\"\"><button type=\"submit\" name=\"wpforms[submit]\" id=\"wpforms-submit-417\" class=\"wpforms-submit\" data-alt-text=\"Enviando...\" data-submit-text=\"Enviar\" aria-live=\"assertive\" value=\"wpforms-submit\">Enviar<\/button><img decoding=\"async\" src=\"https:\/\/lesisargentina.org.ar\/observatorio\/wp-content\/plugins\/wpforms-lite\/assets\/images\/submit-spin.svg\" class=\"wpforms-submit-spinner\" style=\"display: none;\" width=\"26\" height=\"26\" alt=\"Cargando\"><\/div><\/form><\/div>  <!-- .wpforms-container -->\t\t\t\t<\/div>\n\t\t\t\t<\/div>\n\t\t\t\t<\/div>\n\t\t<div class=\"elementor-element elementor-element-e8513eb e-con-full eael_liquid_glass_shadow-effect2 e-flex eael_liquid_glass-effect1 elementor-invisible e-con e-child\" data-id=\"e8513eb\" data-element_type=\"container\" data-e-type=\"container\" data-settings=\"{&quot;animation&quot;:&quot;fadeInRight&quot;}\">\n\t\t\t\t<div class=\"elementor-element elementor-element-9c7876b elementor-widget elementor-widget-heading\" data-id=\"9c7876b\" data-element_type=\"widget\" data-e-type=\"widget\" data-widget_type=\"heading.default\">\n\t\t\t\t<div class=\"elementor-widget-container\">\n\t\t\t\t\t<h2 class=\"elementor-heading-title elementor-size-default\">Datos de contacto<\/h2>\t\t\t\t<\/div>\n\t\t\t\t<\/div>\n\t\t\t\t<div class=\"elementor-element elementor-element-93961dc elementor-view-default elementor-position-block-start elementor-mobile-position-block-start elementor-widget elementor-widget-icon-box\" data-id=\"93961dc\" data-element_type=\"widget\" data-e-type=\"widget\" data-widget_type=\"icon-box.default\">\n\t\t\t\t<div class=\"elementor-widget-container\">\n\t\t\t\t\t\t\t<div class=\"elementor-icon-box-wrapper\">\n\n\t\t\t\t\t\t<div class=\"elementor-icon-box-icon\">\n\t\t\t\t<span  class=\"elementor-icon\">\n\t\t\t\t<svg aria-hidden=\"true\" class=\"e-font-icon-svg e-far-envelope\" viewBox=\"0 0 512 512\" xmlns=\"http:\/\/www.w3.org\/2000\/svg\"><path d=\"M464 64H48C21.49 64 0 85.49 0 112v288c0 26.51 21.49 48 48 48h416c26.51 0 48-21.49 48-48V112c0-26.51-21.49-48-48-48zm0 48v40.805c-22.422 18.259-58.168 46.651-134.587 106.49-16.841 13.247-50.201 45.072-73.413 44.701-23.208.375-56.579-31.459-73.413-44.701C106.18 199.465 70.425 171.067 48 152.805V112h416zM48 400V214.398c22.914 18.251 55.409 43.862 104.938 82.646 21.857 17.205 60.134 55.186 103.062 54.955 42.717.231 80.509-37.199 103.053-54.947 49.528-38.783 82.032-64.401 104.947-82.653V400H48z\"><\/path><\/svg>\t\t\t\t<\/span>\n\t\t\t<\/div>\n\t\t\t\n\t\t\t\t\t\t<div class=\"elementor-icon-box-content\">\n\n\t\t\t\t\t\t\t\t\t<h3 class=\"elementor-icon-box-title\">\n\t\t\t\t\t\t<span  >\n\t\t\t\t\t\t\tCorreo Electr\u00f3nico\t\t\t\t\t\t<\/span>\n\t\t\t\t\t<\/h3>\n\t\t\t\t\n\t\t\t\t\t\t\t\t\t<p class=\"elementor-icon-box-description\">\n\t\t\t\t\t\t<a href=\"mailto:juridico@lesisargentina.org.ar\">juridico@lesisargentina.org.ar<\/a>\t\t\t\t\t<\/p>\n\t\t\t\t\n\t\t\t<\/div>\n\t\t\t\n\t\t<\/div>\n\t\t\t\t\t\t<\/div>\n\t\t\t\t<\/div>\n\t\t\t\t<div class=\"elementor-element elementor-element-6d9978b elementor-view-default elementor-position-block-start elementor-mobile-position-block-start elementor-widget elementor-widget-icon-box\" data-id=\"6d9978b\" data-element_type=\"widget\" data-e-type=\"widget\" data-widget_type=\"icon-box.default\">\n\t\t\t\t<div class=\"elementor-widget-container\">\n\t\t\t\t\t\t\t<div class=\"elementor-icon-box-wrapper\">\n\n\t\t\t\t\t\t<div class=\"elementor-icon-box-icon\">\n\t\t\t\t<span  class=\"elementor-icon\">\n\t\t\t\t<svg aria-hidden=\"true\" class=\"e-font-icon-svg e-fab-whatsapp\" viewBox=\"0 0 448 512\" xmlns=\"http:\/\/www.w3.org\/2000\/svg\"><path d=\"M380.9 97.1C339 55.1 283.2 32 223.9 32c-122.4 0-222 99.6-222 222 0 39.1 10.2 77.3 29.6 111L0 480l117.7-30.9c32.4 17.7 68.9 27 106.1 27h.1c122.3 0 224.1-99.6 224.1-222 0-59.3-25.2-115-67.1-157zm-157 341.6c-33.2 0-65.7-8.9-94-25.7l-6.7-4-69.8 18.3L72 359.2l-4.4-7c-18.5-29.4-28.2-63.3-28.2-98.2 0-101.7 82.8-184.5 184.6-184.5 49.3 0 95.6 19.2 130.4 54.1 34.8 34.9 56.2 81.2 56.1 130.5 0 101.8-84.9 184.6-186.6 184.6zm101.2-138.2c-5.5-2.8-32.8-16.2-37.9-18-5.1-1.9-8.8-2.8-12.5 2.8-3.7 5.6-14.3 18-17.6 21.8-3.2 3.7-6.5 4.2-12 1.4-32.6-16.3-54-29.1-75.5-66-5.7-9.8 5.7-9.1 16.3-30.3 1.8-3.7.9-6.9-.5-9.7-1.4-2.8-12.5-30.1-17.1-41.2-4.5-10.8-9.1-9.3-12.5-9.5-3.2-.2-6.9-.2-10.6-.2-3.7 0-9.7 1.4-14.8 6.9-5.1 5.6-19.4 19-19.4 46.3 0 27.3 19.9 53.7 22.6 57.4 2.8 3.7 39.1 59.7 94.8 83.8 35.2 15.2 49 16.5 66.6 13.9 10.7-1.6 32.8-13.4 37.4-26.4 4.6-13 4.6-24.1 3.2-26.4-1.3-2.5-5-3.9-10.5-6.6z\"><\/path><\/svg>\t\t\t\t<\/span>\n\t\t\t<\/div>\n\t\t\t\n\t\t\t\t\t\t<div class=\"elementor-icon-box-content\">\n\n\t\t\t\t\t\t\t\t\t<h3 class=\"elementor-icon-box-title\">\n\t\t\t\t\t\t<span  >\n\t\t\t\t\t\t\tWhatsApp\t\t\t\t\t\t<\/span>\n\t\t\t\t\t<\/h3>\n\t\t\t\t\n\t\t\t\t\t\t\t\t\t<p class=\"elementor-icon-box-description\">\n\t\t\t\t\t\t<a href=\"https:\/\/wa.me\/5491130698462?text=Hola%2C%20me%20comunico%20desde%20el%20Observatorio%20Jur\u00eddico%20para%20hacer%20una%20consulta.\" target=\"_blank\">+54 9 11 3069-8462<\/a>\t\t\t\t\t<\/p>\n\t\t\t\t\n\t\t\t<\/div>\n\t\t\t\n\t\t<\/div>\n\t\t\t\t\t\t<\/div>\n\t\t\t\t<\/div>\n\t\t\t\t<div class=\"elementor-element elementor-element-970cdff elementor-widget elementor-widget-text-editor\" data-id=\"970cdff\" data-element_type=\"widget\" data-e-type=\"widget\" data-widget_type=\"text-editor.default\">\n\t\t\t\t<div class=\"elementor-widget-container\">\n\t\t\t\t\t\t\t\t\t<p>Respondemos en un plazo de 24 a 48 horas h\u00e1biles.<\/p>\t\t\t\t\t\t\t\t<\/div>\n\t\t\t\t<\/div>\n\t\t\t\t<\/div>\n\t\t\t\t\t<\/div>\n\t\t\t\t<\/div>\n\t\t\t\t<\/div>\n\t\t","protected":false},"excerpt":{"rendered":"<p>Escribinos Por favor, activa JavaScript en tu navegador para completar este formulario.Por favor, activa JavaScript en tu navegador para completar [&hellip;]<\/p>\n","protected":false},"author":2,"featured_media":0,"parent":0,"menu_order":0,"comment_status":"closed","ping_status":"closed","template":"","meta":{"site-sidebar-layout":"no-sidebar","site-content-layout":"","ast-site-content-layout":"full-width-container","site-content-style":"default","site-sidebar-style":"default","ast-global-header-display":"","ast-banner-title-visibility":"","ast-main-header-display":"","ast-hfb-above-header-display":"","ast-hfb-below-header-display":"","ast-hfb-mobile-header-display":"","site-post-title":"disabled","ast-breadcrumbs-content":"","ast-featured-img":"disabled","footer-sml-layout":"","ast-disable-related-posts":"","theme-transparent-header-meta":"","adv-header-id-meta":"","stick-header-meta":"","header-above-stick-meta":"","header-main-stick-meta":"","header-below-stick-meta":"","astra-migrate-meta-layouts":"default","ast-page-background-enabled":"default","ast-page-background-meta":{"desktop":{"background-color":"var(--ast-global-color-5)","background-image":"","background-repeat":"repeat","background-position":"center center","background-size":"auto","background-attachment":"scroll","background-type":"","background-media":"","overlay-type":"","overlay-color":"","overlay-opacity":"","overlay-gradient":""},"tablet":{"background-color":"","background-image":"","background-repeat":"repeat","background-position":"center center","background-size":"auto","background-attachment":"scroll","background-type":"","background-media":"","overlay-type":"","overlay-color":"","overlay-opacity":"","overlay-gradient":""},"mobile":{"background-color":"","background-image":"","background-repeat":"repeat","background-position":"center center","background-size":"auto","background-attachment":"scroll","background-type":"","background-media":"","overlay-type":"","overlay-color":"","overlay-opacity":"","overlay-gradient":""}},"ast-content-background-meta":{"desktop":{"background-color":"var(--ast-global-color-4)","background-image":"","background-repeat":"repeat","background-position":"center center","background-size":"auto","background-attachment":"scroll","background-type":"","background-media":"","overlay-type":"","overlay-color":"","overlay-opacity":"","overlay-gradient":""},"tablet":{"background-color":"var(--ast-global-color-4)","background-image":"","background-repeat":"repeat","background-position":"center center","background-size":"auto","background-attachment":"scroll","background-type":"","background-media":"","overlay-type":"","overlay-color":"","overlay-opacity":"","overlay-gradient":""},"mobile":{"background-color":"var(--ast-global-color-4)","background-image":"","background-repeat":"repeat","background-position":"center center","background-size":"auto","background-attachment":"scroll","background-type":"","background-media":"","overlay-type":"","overlay-color":"","overlay-opacity":"","overlay-gradient":""}},"footnotes":""},"class_list":["post-172","page","type-page","status-publish","hentry"],"yoast_head":"<!-- This site is optimized with the Yoast SEO plugin v27.4 - https:\/\/yoast.com\/product\/yoast-seo-wordpress\/ -->\n<title>Contacto \u2013 Observatorio Jur\u00eddico LESIS Argentina<\/title>\n<meta name=\"description\" content=\"Comunicate con el Observatorio Jur\u00eddico de LESIS Argentina para consultas, an\u00e1lisis jur\u00eddicos o colaboraciones. Respondemos en 24\/48 hs.\" \/>\n<meta name=\"robots\" content=\"index, follow, max-snippet:-1, max-image-preview:large, max-video-preview:-1\" \/>\n<link rel=\"canonical\" href=\"https:\/\/lesisargentina.org.ar\/observatorio\/contacto\/\" \/>\n<meta property=\"og:locale\" content=\"es_ES\" \/>\n<meta property=\"og:type\" content=\"article\" \/>\n<meta property=\"og:title\" content=\"Contacto \u2013 Observatorio Jur\u00eddico LESIS Argentina\" \/>\n<meta property=\"og:description\" content=\"Comunicate con el Observatorio Jur\u00eddico de LESIS Argentina para consultas, an\u00e1lisis jur\u00eddicos o colaboraciones. Respondemos en 24\/48 hs.\" \/>\n<meta property=\"og:url\" content=\"https:\/\/lesisargentina.org.ar\/observatorio\/contacto\/\" \/>\n<meta property=\"og:site_name\" content=\"Observatorio jur\u00eddico Lesis Argentina\" \/>\n<meta property=\"article:modified_time\" content=\"2026-04-01T16:25:22+00:00\" \/>\n<meta property=\"og:image\" content=\"https:\/\/lesisargentina.org.ar\/observatorio\/wp-content\/plugins\/wpforms-lite\/assets\/images\/submit-spin.svg\" \/>\n<meta name=\"twitter:card\" content=\"summary_large_image\" \/>\n<meta name=\"twitter:label1\" content=\"Tiempo de lectura\" \/>\n\t<meta name=\"twitter:data1\" content=\"1 minuto\" \/>\n<script type=\"application\/ld+json\" class=\"yoast-schema-graph\">{\"@context\":\"https:\\\/\\\/schema.org\",\"@graph\":[{\"@type\":\"WebPage\",\"@id\":\"https:\\\/\\\/lesisargentina.org.ar\\\/observatorio\\\/contacto\\\/\",\"url\":\"https:\\\/\\\/lesisargentina.org.ar\\\/observatorio\\\/contacto\\\/\",\"name\":\"Contacto \u2013 Observatorio Jur\u00eddico LESIS Argentina\",\"isPartOf\":{\"@id\":\"https:\\\/\\\/lesisargentina.org.ar\\\/observatorio\\\/#website\"},\"primaryImageOfPage\":{\"@id\":\"https:\\\/\\\/lesisargentina.org.ar\\\/observatorio\\\/contacto\\\/#primaryimage\"},\"image\":{\"@id\":\"https:\\\/\\\/lesisargentina.org.ar\\\/observatorio\\\/contacto\\\/#primaryimage\"},\"thumbnailUrl\":\"https:\\\/\\\/lesisargentina.org.ar\\\/observatorio\\\/wp-content\\\/plugins\\\/wpforms-lite\\\/assets\\\/images\\\/submit-spin.svg\",\"datePublished\":\"2026-03-12T14:32:22+00:00\",\"dateModified\":\"2026-04-01T16:25:22+00:00\",\"description\":\"Comunicate con el Observatorio Jur\u00eddico de LESIS Argentina para consultas, an\u00e1lisis jur\u00eddicos o colaboraciones. Respondemos en 24\\\/48 hs.\",\"breadcrumb\":{\"@id\":\"https:\\\/\\\/lesisargentina.org.ar\\\/observatorio\\\/contacto\\\/#breadcrumb\"},\"inLanguage\":\"es\",\"potentialAction\":[{\"@type\":\"ReadAction\",\"target\":[\"https:\\\/\\\/lesisargentina.org.ar\\\/observatorio\\\/contacto\\\/\"]}]},{\"@type\":\"ImageObject\",\"inLanguage\":\"es\",\"@id\":\"https:\\\/\\\/lesisargentina.org.ar\\\/observatorio\\\/contacto\\\/#primaryimage\",\"url\":\"https:\\\/\\\/lesisargentina.org.ar\\\/observatorio\\\/wp-content\\\/plugins\\\/wpforms-lite\\\/assets\\\/images\\\/submit-spin.svg\",\"contentUrl\":\"https:\\\/\\\/lesisargentina.org.ar\\\/observatorio\\\/wp-content\\\/plugins\\\/wpforms-lite\\\/assets\\\/images\\\/submit-spin.svg\"},{\"@type\":\"BreadcrumbList\",\"@id\":\"https:\\\/\\\/lesisargentina.org.ar\\\/observatorio\\\/contacto\\\/#breadcrumb\",\"itemListElement\":[{\"@type\":\"ListItem\",\"position\":1,\"name\":\"Portada\",\"item\":\"https:\\\/\\\/lesisargentina.org.ar\\\/observatorio\\\/\"},{\"@type\":\"ListItem\",\"position\":2,\"name\":\"Contacto\"}]},{\"@type\":\"WebSite\",\"@id\":\"https:\\\/\\\/lesisargentina.org.ar\\\/observatorio\\\/#website\",\"url\":\"https:\\\/\\\/lesisargentina.org.ar\\\/observatorio\\\/\",\"name\":\"Observatorio jur\u00eddico Lesis Argentina\",\"description\":\"\",\"publisher\":{\"@id\":\"https:\\\/\\\/lesisargentina.org.ar\\\/observatorio\\\/#organization\"},\"potentialAction\":[{\"@type\":\"SearchAction\",\"target\":{\"@type\":\"EntryPoint\",\"urlTemplate\":\"https:\\\/\\\/lesisargentina.org.ar\\\/observatorio\\\/?s={search_term_string}\"},\"query-input\":{\"@type\":\"PropertyValueSpecification\",\"valueRequired\":true,\"valueName\":\"search_term_string\"}}],\"inLanguage\":\"es\"},{\"@type\":\"Organization\",\"@id\":\"https:\\\/\\\/lesisargentina.org.ar\\\/observatorio\\\/#organization\",\"name\":\"Observatorio jur\u00eddico Lesis Argentina\",\"url\":\"https:\\\/\\\/lesisargentina.org.ar\\\/observatorio\\\/\",\"logo\":{\"@type\":\"ImageObject\",\"inLanguage\":\"es\",\"@id\":\"https:\\\/\\\/lesisargentina.org.ar\\\/observatorio\\\/#\\\/schema\\\/logo\\\/image\\\/\",\"url\":\"https:\\\/\\\/lesisargentina.org.ar\\\/observatorio\\\/wp-content\\\/uploads\\\/2026\\\/03\\\/cropped-logo-observatorio.png\",\"contentUrl\":\"https:\\\/\\\/lesisargentina.org.ar\\\/observatorio\\\/wp-content\\\/uploads\\\/2026\\\/03\\\/cropped-logo-observatorio.png\",\"width\":897,\"height\":895,\"caption\":\"Observatorio jur\u00eddico Lesis Argentina\"},\"image\":{\"@id\":\"https:\\\/\\\/lesisargentina.org.ar\\\/observatorio\\\/#\\\/schema\\\/logo\\\/image\\\/\"}}]}<\/script>\n<!-- \/ Yoast SEO plugin. -->","yoast_head_json":{"title":"Contacto \u2013 Observatorio Jur\u00eddico LESIS Argentina","description":"Comunicate con el Observatorio Jur\u00eddico de LESIS Argentina para consultas, an\u00e1lisis jur\u00eddicos o colaboraciones. Respondemos en 24\/48 hs.","robots":{"index":"index","follow":"follow","max-snippet":"max-snippet:-1","max-image-preview":"max-image-preview:large","max-video-preview":"max-video-preview:-1"},"canonical":"https:\/\/lesisargentina.org.ar\/observatorio\/contacto\/","og_locale":"es_ES","og_type":"article","og_title":"Contacto \u2013 Observatorio Jur\u00eddico LESIS Argentina","og_description":"Comunicate con el Observatorio Jur\u00eddico de LESIS Argentina para consultas, an\u00e1lisis jur\u00eddicos o colaboraciones. Respondemos en 24\/48 hs.","og_url":"https:\/\/lesisargentina.org.ar\/observatorio\/contacto\/","og_site_name":"Observatorio jur\u00eddico Lesis Argentina","article_modified_time":"2026-04-01T16:25:22+00:00","og_image":[{"url":"https:\/\/lesisargentina.org.ar\/observatorio\/wp-content\/plugins\/wpforms-lite\/assets\/images\/submit-spin.svg","type":"","width":"","height":""}],"twitter_card":"summary_large_image","twitter_misc":{"Tiempo de lectura":"1 minuto"},"schema":{"@context":"https:\/\/schema.org","@graph":[{"@type":"WebPage","@id":"https:\/\/lesisargentina.org.ar\/observatorio\/contacto\/","url":"https:\/\/lesisargentina.org.ar\/observatorio\/contacto\/","name":"Contacto \u2013 Observatorio Jur\u00eddico LESIS Argentina","isPartOf":{"@id":"https:\/\/lesisargentina.org.ar\/observatorio\/#website"},"primaryImageOfPage":{"@id":"https:\/\/lesisargentina.org.ar\/observatorio\/contacto\/#primaryimage"},"image":{"@id":"https:\/\/lesisargentina.org.ar\/observatorio\/contacto\/#primaryimage"},"thumbnailUrl":"https:\/\/lesisargentina.org.ar\/observatorio\/wp-content\/plugins\/wpforms-lite\/assets\/images\/submit-spin.svg","datePublished":"2026-03-12T14:32:22+00:00","dateModified":"2026-04-01T16:25:22+00:00","description":"Comunicate con el Observatorio Jur\u00eddico de LESIS Argentina para consultas, an\u00e1lisis jur\u00eddicos o colaboraciones. Respondemos en 24\/48 hs.","breadcrumb":{"@id":"https:\/\/lesisargentina.org.ar\/observatorio\/contacto\/#breadcrumb"},"inLanguage":"es","potentialAction":[{"@type":"ReadAction","target":["https:\/\/lesisargentina.org.ar\/observatorio\/contacto\/"]}]},{"@type":"ImageObject","inLanguage":"es","@id":"https:\/\/lesisargentina.org.ar\/observatorio\/contacto\/#primaryimage","url":"https:\/\/lesisargentina.org.ar\/observatorio\/wp-content\/plugins\/wpforms-lite\/assets\/images\/submit-spin.svg","contentUrl":"https:\/\/lesisargentina.org.ar\/observatorio\/wp-content\/plugins\/wpforms-lite\/assets\/images\/submit-spin.svg"},{"@type":"BreadcrumbList","@id":"https:\/\/lesisargentina.org.ar\/observatorio\/contacto\/#breadcrumb","itemListElement":[{"@type":"ListItem","position":1,"name":"Portada","item":"https:\/\/lesisargentina.org.ar\/observatorio\/"},{"@type":"ListItem","position":2,"name":"Contacto"}]},{"@type":"WebSite","@id":"https:\/\/lesisargentina.org.ar\/observatorio\/#website","url":"https:\/\/lesisargentina.org.ar\/observatorio\/","name":"Observatorio jur\u00eddico Lesis Argentina","description":"","publisher":{"@id":"https:\/\/lesisargentina.org.ar\/observatorio\/#organization"},"potentialAction":[{"@type":"SearchAction","target":{"@type":"EntryPoint","urlTemplate":"https:\/\/lesisargentina.org.ar\/observatorio\/?s={search_term_string}"},"query-input":{"@type":"PropertyValueSpecification","valueRequired":true,"valueName":"search_term_string"}}],"inLanguage":"es"},{"@type":"Organization","@id":"https:\/\/lesisargentina.org.ar\/observatorio\/#organization","name":"Observatorio jur\u00eddico Lesis Argentina","url":"https:\/\/lesisargentina.org.ar\/observatorio\/","logo":{"@type":"ImageObject","inLanguage":"es","@id":"https:\/\/lesisargentina.org.ar\/observatorio\/#\/schema\/logo\/image\/","url":"https:\/\/lesisargentina.org.ar\/observatorio\/wp-content\/uploads\/2026\/03\/cropped-logo-observatorio.png","contentUrl":"https:\/\/lesisargentina.org.ar\/observatorio\/wp-content\/uploads\/2026\/03\/cropped-logo-observatorio.png","width":897,"height":895,"caption":"Observatorio jur\u00eddico Lesis Argentina"},"image":{"@id":"https:\/\/lesisargentina.org.ar\/observatorio\/#\/schema\/logo\/image\/"}}]}},"_links":{"self":[{"href":"https:\/\/lesisargentina.org.ar\/observatorio\/wp-json\/wp\/v2\/pages\/172","targetHints":{"allow":["GET"]}}],"collection":[{"href":"https:\/\/lesisargentina.org.ar\/observatorio\/wp-json\/wp\/v2\/pages"}],"about":[{"href":"https:\/\/lesisargentina.org.ar\/observatorio\/wp-json\/wp\/v2\/types\/page"}],"author":[{"embeddable":true,"href":"https:\/\/lesisargentina.org.ar\/observatorio\/wp-json\/wp\/v2\/users\/2"}],"replies":[{"embeddable":true,"href":"https:\/\/lesisargentina.org.ar\/observatorio\/wp-json\/wp\/v2\/comments?post=172"}],"version-history":[{"count":29,"href":"https:\/\/lesisargentina.org.ar\/observatorio\/wp-json\/wp\/v2\/pages\/172\/revisions"}],"predecessor-version":[{"id":447,"href":"https:\/\/lesisargentina.org.ar\/observatorio\/wp-json\/wp\/v2\/pages\/172\/revisions\/447"}],"wp:attachment":[{"href":"https:\/\/lesisargentina.org.ar\/observatorio\/wp-json\/wp\/v2\/media?parent=172"}],"curies":[{"name":"wp","href":"https:\/\/api.w.org\/{rel}","templated":true}]}}